{"id":175,"date":"2026-02-04T13:33:02","date_gmt":"2026-02-04T13:33:02","guid":{"rendered":"https:\/\/casavicent.pt\/site\/?page_id=175"},"modified":"2026-03-19T19:25:04","modified_gmt":"2026-03-19T19:25:04","slug":"menu","status":"publish","type":"page","link":"https:\/\/casavicent.pt\/site\/menu\/","title":{"rendered":"Menu"},"content":{"rendered":"<div class=\"wpb-content-wrapper\"><p>[vc_row row_height_percent=&#8221;0&#8243; override_padding=&#8221;yes&#8221; h_padding=&#8221;4&#8243; top_padding=&#8221;2&#8243; bottom_padding=&#8221;2&#8243; back_color=&#8221;color-655034&#8243; overlay_alpha=&#8221;50&#8243; equal_height=&#8221;yes&#8221; gutter_size=&#8221;0&#8243; column_width_percent=&#8221;100&#8243; shift_y=&#8221;0&#8243; z_index=&#8221;0&#8243; content_parallax=&#8221;0&#8243; uncode_shortcode_id=&#8221;169446&#8243; back_color_type=&#8221;uncode-palette&#8221;][vc_column column_width_percent=&#8221;100&#8243; align_horizontal=&#8221;align_center&#8221; gutter_size=&#8221;3&#8243; overlay_alpha=&#8221;50&#8243; shift_x=&#8221;0&#8243; shift_y=&#8221;0&#8243; shift_y_down=&#8221;0&#8243; z_index=&#8221;0&#8243; medium_width=&#8221;0&#8243; mobile_width=&#8221;0&#8243; width=&#8221;1\/1&#8243; uncode_shortcode_id=&#8221;171999&#8243;][vc_tabs no_lazy=&#8221;yes&#8221; typography=&#8221;advanced&#8221; tab_no_border=&#8221;yes&#8221; titles_size=&#8221;h4&#8243; titles_weight=&#8221;500&#8243; uncode_shortcode_id=&#8221;895461&#8243;][vc_tab gutter_size=&#8221;2&#8243; column_padding=&#8221;2&#8243; no_margin=&#8221;yes&#8221; title=&#8221;Para picar&#8221; tab_id=&#8221;1490024538-1-541554731288350&#8243; slug=&#8221;picar&#8221;][vc_row_inner row_inner_height_percent=&#8221;0&#8243; overlay_alpha=&#8221;50&#8243; gutter_size=&#8221;4&#8243; shift_y=&#8221;0&#8243; z_index=&#8221;0&#8243; inverted_device_order=&#8221;yes&#8221; uncode_shortcode_id=&#8221;349452&#8243;][vc_column_inner column_width_percent=&#8221;100&#8243; position_vertical=&#8221;middle&#8221; gutter_size=&#8221;2&#8243; overlay_alpha=&#8221;50&#8243; shift_x=&#8221;0&#8243; shift_y=&#8221;0&#8243; shift_y_down=&#8221;0&#8243; z_index=&#8221;0&#8243; medium_width=&#8221;6&#8243; mobile_width=&#8221;5&#8243; width=&#8221;1\/2&#8243; uncode_shortcode_id=&#8221;256544&#8243;][vc_gallery el_id=&#8221;gallery-205340&#8243; type=&#8221;carousel&#8221; medias=&#8221;469,468,470&#8243; carousel_lg=&#8221;1&#8243; carousel_md=&#8221;1&#8243; carousel_sm=&#8221;1&#8243; gutter_size=&#8221;0&#8243; media_items=&#8221;media|nolink|original&#8221; carousel_interval=&#8221;3000&#8243; carousel_navspeed=&#8221;400&#8243; stage_padding=&#8221;0&#8243; single_overlay_opacity=&#8221;50&#8243; single_overlay_anim=&#8221;no&#8221; single_padding=&#8221;2&#8243; uncode_shortcode_id=&#8221;169281&#8243;][vc_empty_space empty_h=&#8221;2&#8243;][\/vc_column_inner][vc_column_inner column_width_percent=&#8221;100&#8243; gutter_size=&#8221;3&#8243; override_padding=&#8221;yes&#8221; column_padding=&#8221;3&#8243; overlay_alpha=&#8221;50&#8243; shift_x=&#8221;0&#8243; shift_y=&#8221;0&#8243; shift_y_down=&#8221;0&#8243; z_index=&#8221;0&#8243; medium_width=&#8221;0&#8243; mobile_width=&#8221;0&#8243; width=&#8221;1\/2&#8243; uncode_shortcode_id=&#8221;209142&#8243;][uncode_pricing_list values=&#8221;%5B%7B%22entry%22%3A%22SANDOCHA%20VICENT%22%2C%22value%22%3A%228%20%E2%82%AC%22%2C%22text%22%3A%22TENDER%20BLACK%20PORK%20CHEEK%2C%20OXHEART%20TOMATO%2C%20FRESH%20ARUGULA%2C%5CnGARLIC%20MAYO%20AND%20A%20TOUCH%20OF%20SRIRACHA%2C%20SERVED%20IN%20RUSTIC%20ARTISAN%5CnBREAD%22%7D%2C%7B%22entry%22%3A%22RISS%C3%93IS%20DE%20CARNE%20(2%20UN.)%22%2C%22value%22%3A%224%E2%82%AC%22%2C%22text%22%3A%22PORTUGUESE%20MEAT%20RISSOLES%22%7D%2C%7B%22entry%22%3A%22PRESUNTO%20DE%20PORCO%20PRETO%20%7C%20SELE%C3%87%C3%83O%22%2C%22value%22%3A%228%20%E2%82%AC%22%2C%22text%22%3A%22IBERIAN%20SMOKED%20HAM%20%7C%5CnSELECTION%22%7D%2C%7B%22entry%22%3A%22BOCHECHA%20DE%20PORCO%20PRETO%20COZINHADA%20LENTAMENTE%22%2C%22value%22%3A%2214%20%E2%82%AC%22%2C%22text%22%3A%22BLACK%20PORK%20CHEEK%2C%20SLOW%5CnCOOKED%20TO%20PERFECTION%22%7D%2C%7B%22entry%22%3A%22BOLINHOS%20DE%20BACALHAU%20(3%20UN.)%22%2C%22value%22%3A%226%20%E2%82%AC%22%2C%22text%22%3A%22CODFISH%20BALLS%22%7D%2C%7B%22entry%22%3A%22ALHEIRA%20DE%20CA%C3%87A%22%2C%22value%22%3A%228%20%E2%82%AC%22%2C%22text%22%3A%22A%20TRADITIONAL%20PORTUGUESE%5CnSAUSAGE%20MADE%20WITH%20GAME%20MEAT%2C%5CnBREAD%2C%20AND%20SPICES%22%7D%2C%7B%22entry%22%3A%22COGUMELO%20PORTOBELLO%20COM%20QUEIJO%20GRATINADO%22%2C%22value%22%3A%228%2C5%20%20%E2%82%AC%22%2C%22text%22%3A%22CHEESY%20BAKED%20PORTOBELLO%5CnMUSHROOM%22%7D%5D&#8221; gutter_tab_h=&#8221;3&#8243; tab_gap=&#8221;1&#8243; media_width_percent=&#8221;33&#8243; text_size=&#8221;h5&#8243; sub_lead=&#8221;small&#8221; uncode_shortcode_id=&#8221;151254&#8243;][\/vc_column_inner][\/vc_row_inner][\/vc_tab][vc_tab gutter_size=&#8221;2&#8243; column_padding=&#8221;2&#8243; no_margin=&#8221;yes&#8221; title=&#8221;Para deliciar&#8221; tab_id=&#8221;1490024538-1-5415547312883501&#8243;][vc_row_inner row_inner_height_percent=&#8221;0&#8243; overlay_alpha=&#8221;50&#8243; gutter_size=&#8221;3&#8243; shift_y=&#8221;0&#8243; z_index=&#8221;0&#8243; inverted_device_order=&#8221;yes&#8221; uncode_shortcode_id=&#8221;140791&#8243;][vc_column_inner column_width_percent=&#8221;100&#8243; gutter_size=&#8221;2&#8243; overlay_alpha=&#8221;50&#8243; shift_x=&#8221;0&#8243; shift_y=&#8221;0&#8243; shift_y_down=&#8221;0&#8243; z_index=&#8221;0&#8243; medium_width=&#8221;6&#8243; mobile_width=&#8221;5&#8243; width=&#8221;1\/2&#8243; uncode_shortcode_id=&#8221;587451&#8243;][vc_gallery el_id=&#8221;gallery-906708&#8243; type=&#8221;carousel&#8221; medias=&#8221;490,491,489&#8243; carousel_lg=&#8221;1&#8243; carousel_md=&#8221;1&#8243; carousel_sm=&#8221;1&#8243; gutter_size=&#8221;3&#8243; carousel_interval=&#8221;3000&#8243; carousel_navspeed=&#8221;400&#8243; stage_padding=&#8221;0&#8243; single_overlay_opacity=&#8221;50&#8243; single_padding=&#8221;2&#8243; uncode_shortcode_id=&#8221;779366&#8243;][\/vc_column_inner][vc_column_inner column_width_percent=&#8221;100&#8243; gutter_size=&#8221;3&#8243; override_padding=&#8221;yes&#8221; column_padding=&#8221;3&#8243; overlay_alpha=&#8221;50&#8243; shift_x=&#8221;0&#8243; shift_y=&#8221;0&#8243; shift_y_down=&#8221;0&#8243; z_index=&#8221;0&#8243; medium_width=&#8221;0&#8243; mobile_width=&#8221;0&#8243; width=&#8221;1\/2&#8243; uncode_shortcode_id=&#8221;704582&#8243;][uncode_pricing_list values=&#8221;%5B%7B%22entry%22%3A%22BOCHECHA%20DE%20PORCO%20PRETO%20COZINHADA%20LENTAMENTE%20%22%2C%22value%22%3A%2214%E2%82%AC%22%2C%22text%22%3A%22BLACK%20PORK%20CHEEK%2C%20SLOW-COOKED%20TO%20PERFECTION%22%7D%2C%7B%22entry%22%3A%22SALADA%20BURRATA%20COM%20TOMATE%20E%20PESTO%22%2C%22value%22%3A%2211%E2%82%AC%22%2C%22text%22%3A%22BURRATA%20SALAD%20WITH%20TOMATOES%20AND%20PESTO%22%7D%5D&#8221; gutter_tab_h=&#8221;3&#8243; tab_gap=&#8221;1&#8243; media_width_percent=&#8221;33&#8243; text_size=&#8221;h5&#8243; sub_lead=&#8221;small&#8221; uncode_shortcode_id=&#8221;119652&#8243;][vc_custom_heading text_size=&#8221;h4&#8243; uncode_shortcode_id=&#8221;129528&#8243;]ACOMPANHAMENTOS[\/vc_custom_heading][uncode_pricing_list values=&#8221;%5B%7B%22entry%22%3A%22BATATAS%20FRITAS%20%22%2C%22value%22%3A%223%2C5%20%E2%82%AC%22%2C%22text%22%3A%22FRENCH%20FRIES%22%7D%2C%7B%22entry%22%3A%22PAPAS%20BRAVAS%22%2C%22value%22%3A%223%2C5%20%E2%82%AC%22%2C%22text%22%3A%22SPANISH%20SPICY%20POTATOES%5Cn%22%7D%5D&#8221; gutter_tab_h=&#8221;3&#8243; tab_gap=&#8221;1&#8243; media_width_percent=&#8221;33&#8243; text_color=&#8221;color-jevc&#8221; text_size=&#8221;h5&#8243; sub_lead=&#8221;small&#8221; uncode_shortcode_id=&#8221;114727&#8243; label=&#8221;Acompanhamentos&#8221; text_color_type=&#8221;uncode-palette&#8221;][\/vc_column_inner][\/vc_row_inner][\/vc_tab][vc_tab gutter_size=&#8221;2&#8243; column_padding=&#8221;2&#8243; no_margin=&#8221;yes&#8221; title=&#8221;T\u00e1buas&#8221; tab_id=&#8221;1770728083387-2-8&#8243; slug=&#8221;tabuas&#8221;][vc_row_inner row_inner_height_percent=&#8221;0&#8243; overlay_alpha=&#8221;50&#8243; gutter_size=&#8221;3&#8243; shift_y=&#8221;0&#8243; z_index=&#8221;0&#8243; inverted_device_order=&#8221;yes&#8221; uncode_shortcode_id=&#8221;197828&#8243;][vc_column_inner column_width_percent=&#8221;100&#8243; gutter_size=&#8221;2&#8243; overlay_alpha=&#8221;50&#8243; shift_x=&#8221;0&#8243; shift_y=&#8221;0&#8243; shift_y_down=&#8221;0&#8243; z_index=&#8221;0&#8243; medium_width=&#8221;6&#8243; mobile_width=&#8221;5&#8243; width=&#8221;1\/2&#8243; uncode_shortcode_id=&#8221;509620&#8243;][vc_single_image media=&#8221;521&#8243; media_width_percent=&#8221;100&#8243; media_ratio=&#8221;four-five&#8221; alignment=&#8221;center&#8221; uncode_shortcode_id=&#8221;144145&#8243;][\/vc_column_inner][vc_column_inner column_width_percent=&#8221;100&#8243; gutter_size=&#8221;3&#8243; override_padding=&#8221;yes&#8221; column_padding=&#8221;3&#8243; overlay_alpha=&#8221;50&#8243; shift_x=&#8221;0&#8243; shift_y=&#8221;0&#8243; shift_y_down=&#8221;0&#8243; z_index=&#8221;0&#8243; medium_width=&#8221;0&#8243; mobile_width=&#8221;0&#8243; width=&#8221;1\/2&#8243; uncode_shortcode_id=&#8221;725478&#8243;][uncode_pricing_list values=&#8221;%5B%7B%22entry%22%3A%22T%C3%81BUA%20DE%20QUEIJO%22%2C%22value%22%3A%2220%E2%82%AC%22%2C%22text%22%3A%22SELECTION%20OF%20CHEESES%22%7D%2C%7B%22entry%22%3A%22T%C3%81BUA%20MISTA%20%22%2C%22value%22%3A%2225%E2%82%AC%22%2C%22text%22%3A%22A%20BEAUTIFUL%20SELECTION%20OF%20CURED%20MEATS%20AND%20CHEESES%20%5CnFROM%20TRADITIONAL%20SMALL%20PORTUGUESE%20PRODUCERS%22%7D%5D&#8221; gutter_tab_h=&#8221;3&#8243; tab_gap=&#8221;1&#8243; media_width_percent=&#8221;33&#8243; text_size=&#8221;h5&#8243; sub_lead=&#8221;small&#8221; uncode_shortcode_id=&#8221;204574&#8243;][uncode_pricing_list values=&#8221;%5B%5D&#8221; gutter_tab_h=&#8221;3&#8243; tab_gap=&#8221;1&#8243; media_width_percent=&#8221;33&#8243; text_size=&#8221;h5&#8243; sub_lead=&#8221;small&#8221; uncode_shortcode_id=&#8221;176400&#8243;][\/vc_column_inner][\/vc_row_inner][\/vc_tab][vc_tab gutter_size=&#8221;2&#8243; column_padding=&#8221;2&#8243; no_margin=&#8221;yes&#8221; title=&#8221;Para ado\u00e7ar&#8221; tab_id=&#8221;1770732248651-3-4&#8243; slug=&#8221;doces&#8221;][vc_row_inner row_inner_height_percent=&#8221;0&#8243; overlay_alpha=&#8221;50&#8243; gutter_size=&#8221;3&#8243; shift_y=&#8221;0&#8243; z_index=&#8221;0&#8243; inverted_device_order=&#8221;yes&#8221; uncode_shortcode_id=&#8221;182188&#8243;][vc_column_inner column_width_percent=&#8221;100&#8243; gutter_size=&#8221;2&#8243; overlay_alpha=&#8221;50&#8243; shift_x=&#8221;0&#8243; shift_y=&#8221;0&#8243; shift_y_down=&#8221;0&#8243; z_index=&#8221;0&#8243; medium_width=&#8221;6&#8243; mobile_width=&#8221;5&#8243; width=&#8221;1\/2&#8243; uncode_shortcode_id=&#8221;509620&#8243;][vc_single_image media=&#8221;615&#8243; media_width_percent=&#8221;100&#8243; media_ratio=&#8221;four-five&#8221; alignment=&#8221;center&#8221; uncode_shortcode_id=&#8221;158890&#8243;][\/vc_column_inner][vc_column_inner column_width_percent=&#8221;100&#8243; gutter_size=&#8221;3&#8243; override_padding=&#8221;yes&#8221; column_padding=&#8221;3&#8243; overlay_alpha=&#8221;50&#8243; shift_x=&#8221;0&#8243; shift_y=&#8221;0&#8243; shift_y_down=&#8221;0&#8243; z_index=&#8221;0&#8243; medium_width=&#8221;0&#8243; mobile_width=&#8221;0&#8243; width=&#8221;1\/2&#8243; uncode_shortcode_id=&#8221;359300&#8243;][uncode_pricing_list values=&#8221;%5B%7B%22entry%22%3A%22BOLO%20DE%20BOLACHA%20%22%2C%22value%22%3A%225%2C5%E2%82%AC%22%2C%22text%22%3A%22PORTUGUESE%20BISCUIT%20CAKE%20WITH%20SALTED%20CARAMEL%22%7D%5D&#8221; gutter_tab_h=&#8221;3&#8243; tab_gap=&#8221;1&#8243; media_width_percent=&#8221;33&#8243; text_size=&#8221;h5&#8243; sub_lead=&#8221;small&#8221; uncode_shortcode_id=&#8221;176295&#8243;][\/vc_column_inner][\/vc_row_inner][\/vc_tab][\/vc_tabs][\/vc_column][\/vc_row][vc_row unlock_row_content=&#8221;yes&#8221; row_height_percent=&#8221;0&#8243; override_padding=&#8221;yes&#8221; h_padding=&#8221;0&#8243; top_padding=&#8221;0&#8243; bottom_padding=&#8221;0&#8243; overlay_alpha=&#8221;50&#8243; gutter_size=&#8221;0&#8243; column_width_percent=&#8221;100&#8243; shift_y=&#8221;0&#8243; z_index=&#8221;0&#8243; content_parallax=&#8221;0&#8243; uncode_shortcode_id=&#8221;106234&#8243;][vc_column column_width_percent=&#8221;100&#8243; gutter_size=&#8221;0&#8243; overlay_alpha=&#8221;50&#8243; shift_x=&#8221;0&#8243; shift_y=&#8221;0&#8243; shift_y_down=&#8221;0&#8243; z_index=&#8221;0&#8243; medium_width=&#8221;0&#8243; mobile_width=&#8221;0&#8243; width=&#8221;1\/3&#8243; uncode_shortcode_id=&#8221;941109&#8243;][vc_single_image media=&#8221;530&#8243; media_width_percent=&#8221;100&#8243; uncode_shortcode_id=&#8221;128338&#8243;][\/vc_column][vc_column width=&#8221;1\/3&#8243;][vc_single_image media=&#8221;531&#8243; media_width_percent=&#8221;100&#8243; mobile_visibility=&#8221;yes&#8221; uncode_shortcode_id=&#8221;194551&#8243;][\/vc_column][vc_column width=&#8221;1\/3&#8243;][vc_single_image media=&#8221;450&#8243; media_width_percent=&#8221;100&#8243; mobile_visibility=&#8221;yes&#8221; uncode_shortcode_id=&#8221;598501&#8243;][\/vc_column][\/vc_row][vc_row row_height_percent=&#8221;0&#8243; override_padding=&#8221;yes&#8221; h_padding=&#8221;2&#8243; top_padding=&#8221;4&#8243; bottom_padding=&#8221;4&#8243; back_color=&#8221;color-655034&#8243; overlay_alpha=&#8221;50&#8243; gutter_size=&#8221;3&#8243; column_width_percent=&#8221;100&#8243; shift_y=&#8221;0&#8243; z_index=&#8221;0&#8243; content_parallax=&#8221;0&#8243; uncode_shortcode_id=&#8221;324172&#8243; back_color_type=&#8221;uncode-palette&#8221;][vc_column column_width_percent=&#8221;100&#8243; gutter_size=&#8221;2&#8243; overlay_alpha=&#8221;50&#8243; shift_x=&#8221;0&#8243; shift_y=&#8221;0&#8243; shift_y_down=&#8221;0&#8243; z_index=&#8221;0&#8243; medium_width=&#8221;0&#8243; mobile_width=&#8221;0&#8243; width=&#8221;1\/1&#8243; uncode_shortcode_id=&#8221;431451&#8243;][vc_custom_heading uncode_shortcode_id=&#8221;105428&#8243;]Partilhamos mesa, sabores e tempo.[\/vc_custom_heading][vc_column_text uncode_shortcode_id=&#8221;769932&#8243;]Na Casa Vicent, os jantares n\u00e3o t\u00eam pressa: a cozinha fica aberta at\u00e9 \u00e0s 23:30, para que cada conversa dure o que tem de durar. Venha jantar connosco. A mesa est\u00e1 posta.[\/vc_column_text][\/vc_column][\/vc_row]<\/p>\n<\/div>","protected":false},"excerpt":{"rendered":"<p>[vc_row row_height_percent=&#8221;0&#8243; override_padding=&#8221;yes&#8221; h_padding=&#8221;4&#8243; top_padding=&#8221;2&#8243; bottom_padding=&#8221;2&#8243; back_color=&#8221;color-655034&#8243; overlay_alpha=&#8221;50&#8243; equal_height=&#8221;yes&#8221; gutter_size=&#8221;0&#8243; column_width_percent=&#8221;100&#8243; shift_y=&#8221;0&#8243; z_index=&#8221;0&#8243; content_parallax=&#8221;0&#8243; uncode_shortcode_id=&#8221;169446&#8243; back_color_type=&#8221;uncode-palette&#8221;][vc_column column_width_percent=&#8221;100&#8243; align_horizontal=&#8221;align_center&#8221; gutter_size=&#8221;3&#8243; overlay_alpha=&#8221;50&#8243; [&hellip;]<\/p>\n","protected":false},"author":1,"featured_media":0,"parent":0,"menu_order":0,"comment_status":"closed","ping_status":"closed","template":"","meta":{"footnotes":""},"class_list":["post-175","page","type-page","status-publish","hentry"],"_links":{"self":[{"href":"https:\/\/casavicent.pt\/site\/wp-json\/wp\/v2\/pages\/175","targetHints":{"allow":["GET"]}}],"collection":[{"href":"https:\/\/casavicent.pt\/site\/wp-json\/wp\/v2\/pages"}],"about":[{"href":"https:\/\/casavicent.pt\/site\/wp-json\/wp\/v2\/types\/page"}],"author":[{"embeddable":true,"href":"https:\/\/casavicent.pt\/site\/wp-json\/wp\/v2\/users\/1"}],"replies":[{"embeddable":true,"href":"https:\/\/casavicent.pt\/site\/wp-json\/wp\/v2\/comments?post=175"}],"version-history":[{"count":88,"href":"https:\/\/casavicent.pt\/site\/wp-json\/wp\/v2\/pages\/175\/revisions"}],"predecessor-version":[{"id":764,"href":"https:\/\/casavicent.pt\/site\/wp-json\/wp\/v2\/pages\/175\/revisions\/764"}],"wp:attachment":[{"href":"https:\/\/casavicent.pt\/site\/wp-json\/wp\/v2\/media?parent=175"}],"curies":[{"name":"wp","href":"https:\/\/api.w.org\/{rel}","templated":true}]}}