{"id":212,"date":"2026-02-04T14:57:59","date_gmt":"2026-02-04T14:57:59","guid":{"rendered":"https:\/\/casavicent.pt\/site\/?page_id=212"},"modified":"2026-02-13T14:39:40","modified_gmt":"2026-02-13T14:39:40","slug":"a-casa","status":"publish","type":"page","link":"https:\/\/casavicent.pt\/site\/a-casa\/","title":{"rendered":"A casa"},"content":{"rendered":"<div class=\"wpb-content-wrapper\"><p>[vc_row row_height_percent=&#8221;70&#8243; back_color=&#8221;color-wayh&#8221; back_image=&#8221;85&#8243; back_attachment=&#8221;scroll&#8221; back_position=&#8221;center top&#8221; overlay_color=&#8221;color-wayh&#8221; overlay_alpha=&#8221;50&#8243; gutter_size=&#8221;3&#8243; column_width_percent=&#8221;100&#8243; shift_y=&#8221;0&#8243; z_index=&#8221;0&#8243; content_parallax=&#8221;0&#8243; uncode_shortcode_id=&#8221;680486&#8243; back_color_type=&#8221;uncode-palette&#8221; overlay_color_type=&#8221;uncode-palette&#8221;][vc_column column_width_use_pixel=&#8221;yes&#8221; position_vertical=&#8221;middle&#8221; align_horizontal=&#8221;align_center&#8221; gutter_size=&#8221;3&#8243; style=&#8221;dark&#8221; overlay_alpha=&#8221;50&#8243; shift_x=&#8221;0&#8243; shift_y=&#8221;0&#8243; shift_y_down=&#8221;0&#8243; z_index=&#8221;0&#8243; medium_width=&#8221;0&#8243; mobile_width=&#8221;0&#8243; width=&#8221;1\/1&#8243; column_width_pixel=&#8221;900&#8243;][\/vc_column][\/vc_row][vc_row row_height_percent=&#8221;0&#8243; override_padding=&#8221;yes&#8221; h_padding=&#8221;2&#8243; top_padding=&#8221;4&#8243; bottom_padding=&#8221;4&#8243; back_color=&#8221;color-655034&#8243; overlay_alpha=&#8221;50&#8243; gutter_size=&#8221;3&#8243; column_width_percent=&#8221;100&#8243; shift_y=&#8221;0&#8243; z_index=&#8221;0&#8243; content_parallax=&#8221;0&#8243; uncode_shortcode_id=&#8221;629412&#8243; back_color_type=&#8221;uncode-palette&#8221;][vc_column column_width_percent=&#8221;92&#8243; position_horizontal=&#8221;left&#8221; position_vertical=&#8221;middle&#8221; gutter_size=&#8221;3&#8243; overlay_alpha=&#8221;50&#8243; shift_x=&#8221;0&#8243; shift_y=&#8221;0&#8243; shift_y_down=&#8221;0&#8243; z_index=&#8221;0&#8243; medium_width=&#8221;0&#8243; mobile_width=&#8221;0&#8243; width=&#8221;2\/6&#8243; uncode_shortcode_id=&#8221;804825&#8243;][vc_custom_heading heading_semantic=&#8221;p&#8221; text_size=&#8221;h1&#8243; text_weight=&#8221;300&#8243; uncode_shortcode_id=&#8221;218585&#8243;]A Casa Vicent: uma viagem \u00e0 hist\u00f3ria do Porto.[\/vc_custom_heading][\/vc_column][vc_column width=&#8221;4\/6&#8243;][vc_column_text text_color=&#8221;color-jevc&#8221; uncode_shortcode_id=&#8221;143723&#8243; text_color_type=&#8221;uncode-palette&#8221;]No cora\u00e7\u00e3o de uma das art\u00e9rias mais vibrantes do Porto, existe um lugar onde a gastronomia se encontra com a arte.<br \/>\nUma cervejaria hist\u00f3rica onde tapas deliciosas encontram o passado. A Casa Vicent \u00e9 um testemunho vivo da cidade, num edif\u00edcio centen\u00e1rio que convida os visitantes a viver a atmosfera \u00fanica do in\u00edcio do s\u00e9culo XX.<\/p>\n<p><strong>Se procura uma experi\u00eancia onde o ambiente \u00e9 t\u00e3o memor\u00e1vel quanto os pratos servidos, conhe\u00e7a a hist\u00f3ria por tr\u00e1s das nossas portas.<\/strong>[\/vc_column_text][\/vc_column][\/vc_row][vc_row row_height_percent=&#8221;51&#8243; override_padding=&#8221;yes&#8221; h_padding=&#8221;0&#8243; top_padding=&#8221;0&#8243; bottom_padding=&#8221;0&#8243; back_color=&#8221;color-wayh&#8221; back_image=&#8221;220&#8243; overlay_color=&#8221;color-wayh&#8221; overlay_alpha=&#8221;50&#8243; gutter_size=&#8221;0&#8243; column_width_percent=&#8221;100&#8243; shift_y=&#8221;0&#8243; z_index=&#8221;0&#8243; content_parallax=&#8221;0&#8243; uncode_shortcode_id=&#8221;109185&#8243; back_color_type=&#8221;uncode-palette&#8221; overlay_color_type=&#8221;uncode-palette&#8221; row_height_pixel=&#8221;400&#8243;][vc_column column_width_use_pixel=&#8221;yes&#8221; position_vertical=&#8221;middle&#8221; align_horizontal=&#8221;align_center&#8221; gutter_size=&#8221;0&#8243; override_padding=&#8221;yes&#8221; column_padding=&#8221;0&#8243; style=&#8221;dark&#8221; overlay_alpha=&#8221;50&#8243; shift_x=&#8221;0&#8243; shift_y=&#8221;0&#8243; shift_y_down=&#8221;0&#8243; z_index=&#8221;0&#8243; medium_width=&#8221;0&#8243; mobile_width=&#8221;0&#8243; width=&#8221;1\/1&#8243; column_width_pixel=&#8221;900&#8243; uncode_shortcode_id=&#8221;155812&#8243;][\/vc_column][\/vc_row][vc_row row_height_percent=&#8221;0&#8243; override_padding=&#8221;yes&#8221; h_padding=&#8221;2&#8243; top_padding=&#8221;3&#8243; bottom_padding=&#8221;3&#8243; back_color=&#8221;color-947575&#8243; overlay_alpha=&#8221;50&#8243; equal_height=&#8221;yes&#8221; gutter_size=&#8221;5&#8243; column_width_percent=&#8221;100&#8243; shift_y=&#8221;0&#8243; z_index=&#8221;0&#8243; content_parallax=&#8221;0&#8243; uncode_shortcode_id=&#8221;161312&#8243; back_color_type=&#8221;uncode-palette&#8221;][vc_column column_width_percent=&#8221;100&#8243; position_vertical=&#8221;middle&#8221; gutter_size=&#8221;3&#8243; overlay_alpha=&#8221;50&#8243; shift_x=&#8221;0&#8243; shift_y=&#8221;0&#8243; shift_y_down=&#8221;0&#8243; z_index=&#8221;0&#8243; medium_width=&#8221;0&#8243; mobile_width=&#8221;0&#8243; width=&#8221;1\/1&#8243; uncode_shortcode_id=&#8221;153533&#8243; mobile_height=&#8221;400&#8243;][vc_custom_heading text_color=&#8221;color-jevc&#8221; heading_semantic=&#8221;h3&#8243; text_font=&#8221;font-294927&#8243; text_size=&#8221;h1&#8243; sub_lead=&#8221;small&#8221; foreword=&#8221;yes&#8221; uncode_shortcode_id=&#8221;918710&#8243; text_color_type=&#8221;uncode-palette&#8221;]Um legado desde 1905. Um bel\u00edssimo exemplar da Art Noveau no Porto[\/vc_custom_heading][vc_column_text text_color=&#8221;color-jevc&#8221; uncode_shortcode_id=&#8221;136631&#8243; text_color_type=&#8221;uncode-palette&#8221;]Desde 1905, este \u00edcone do Porto evoluiu de uma prestigiada ourivesaria de elite, a Miranda &#038; Filhos, para o marco gastron\u00f3mico atual. O nome Vicent foi eternizado na fachada pelo comerciante espanhol que consolidou a identidade deste edif\u00edcio hist\u00f3rico num dos principais eixos comerciais da cidade.[\/vc_column_text][vc_column_text text_color=&#8221;color-jevc&#8221; uncode_shortcode_id=&#8221;504719&#8243; text_color_type=&#8221;uncode-palette&#8221;]A fachada em ferro fundido, com inspira\u00e7\u00e3o Arte Nova e estilo Rocaille, um trabalho magistral executado pela Companhia Alian\u00e7a, destaca o edif\u00edcio dos demais. Os contornos vegetalistas e sinuosos transformam a nossa entrada numa verdadeira pe\u00e7a de arte no cora\u00e7\u00e3o do Porto.[\/vc_column_text][\/vc_column][\/vc_row][vc_row unlock_row_content=&#8221;yes&#8221; row_height_percent=&#8221;0&#8243; override_padding=&#8221;yes&#8221; h_padding=&#8221;0&#8243; top_padding=&#8221;0&#8243; bottom_padding=&#8221;0&#8243; overlay_alpha=&#8221;50&#8243; gutter_size=&#8221;0&#8243; column_width_percent=&#8221;100&#8243; shift_y=&#8221;0&#8243; z_index=&#8221;0&#8243; content_parallax=&#8221;0&#8243; uncode_shortcode_id=&#8221;179200&#8243;][vc_column column_width_percent=&#8221;100&#8243; gutter_size=&#8221;0&#8243; overlay_alpha=&#8221;50&#8243; shift_x=&#8221;0&#8243; shift_y=&#8221;0&#8243; shift_y_down=&#8221;0&#8243; z_index=&#8221;0&#8243; medium_width=&#8221;0&#8243; mobile_width=&#8221;0&#8243; width=&#8221;1\/3&#8243; uncode_shortcode_id=&#8221;895889&#8243;][vc_single_image media=&#8221;122&#8243; media_width_percent=&#8221;100&#8243; media_ratio=&#8221;one-one&#8221; mobile_visibility=&#8221;yes&#8221; uncode_shortcode_id=&#8221;504938&#8243;][\/vc_column][vc_column width=&#8221;1\/3&#8243;][vc_single_image media=&#8221;245&#8243; media_width_percent=&#8221;100&#8243; media_ratio=&#8221;one-one&#8221; uncode_shortcode_id=&#8221;105240&#8243;][\/vc_column][vc_column width=&#8221;1\/3&#8243;][vc_single_image media=&#8221;243&#8243; media_width_percent=&#8221;100&#8243; media_ratio=&#8221;one-one&#8221; mobile_visibility=&#8221;yes&#8221; uncode_shortcode_id=&#8221;969287&#8243;][\/vc_column][\/vc_row][vc_row row_height_percent=&#8221;0&#8243; override_padding=&#8221;yes&#8221; h_padding=&#8221;2&#8243; top_padding=&#8221;4&#8243; bottom_padding=&#8221;4&#8243; back_color=&#8221;color-655034&#8243; overlay_alpha=&#8221;50&#8243; gutter_size=&#8221;3&#8243; column_width_percent=&#8221;100&#8243; shift_y=&#8221;0&#8243; z_index=&#8221;0&#8243; content_parallax=&#8221;0&#8243; uncode_shortcode_id=&#8221;931907&#8243; back_color_type=&#8221;uncode-palette&#8221;][vc_column column_width_percent=&#8221;100&#8243; position_horizontal=&#8221;left&#8221; position_vertical=&#8221;middle&#8221; gutter_size=&#8221;3&#8243; overlay_alpha=&#8221;50&#8243; shift_x=&#8221;0&#8243; shift_y=&#8221;0&#8243; shift_y_down=&#8221;0&#8243; z_index=&#8221;0&#8243; medium_width=&#8221;0&#8243; mobile_width=&#8221;0&#8243; width=&#8221;1\/2&#8243; uncode_shortcode_id=&#8221;144213&#8243;][vc_custom_heading text_color=&#8221;color-jevc&#8221; heading_semantic=&#8221;h3&#8243; text_font=&#8221;font-294927&#8243; text_size=&#8221;h1&#8243; sub_lead=&#8221;small&#8221; foreword=&#8221;yes&#8221; uncode_shortcode_id=&#8221;108534&#8243; text_color_type=&#8221;uncode-palette&#8221;]O segredo do cofre[\/vc_custom_heading][vc_column_text text_color=&#8221;color-jevc&#8221; uncode_shortcode_id=&#8221;329161&#8243; text_color_type=&#8221;uncode-palette&#8221;]Segredos e seguran\u00e7a do passado no piso inferior, revelam-se rel\u00edquias da antiga ourivesaria, como o sistema original das grades e uma placa de a\u00e7o maci\u00e7o oculta sob o ch\u00e3o. Esta engenharia centen\u00e1ria servia para proteger o cofre contra roubos, salvaguardando os tesouros que ali repousavam.<\/p>\n<p>Hoje, os nossos tesouros s\u00e3o os sabores e as mem\u00f3rias que criamos consigo.[\/vc_column_text][vc_custom_heading text_color=&#8221;color-jevc&#8221; heading_semantic=&#8221;p&#8221; text_font=&#8221;font-294927&#8243; text_weight=&#8221;300&#8243; sub_lead=&#8221;small&#8221; foreword=&#8221;yes&#8221; uncode_shortcode_id=&#8221;379336&#8243; text_color_type=&#8221;uncode-palette&#8221;]Venha sentar-se \u00e0 mesa com a hist\u00f3ria do Porto e descubra o sabor da tradi\u00e7\u00e3o.[\/vc_custom_heading][\/vc_column][vc_column column_width_percent=&#8221;88&#8243; gutter_size=&#8221;3&#8243; overlay_alpha=&#8221;50&#8243; shift_x=&#8221;0&#8243; shift_y=&#8221;0&#8243; shift_y_down=&#8221;0&#8243; z_index=&#8221;0&#8243; medium_width=&#8221;0&#8243; mobile_width=&#8221;0&#8243; width=&#8221;1\/2&#8243; uncode_shortcode_id=&#8221;117231&#8243;][vc_gallery el_id=&#8221;gallery-150382&#8243; type=&#8221;carousel&#8221; medias=&#8221;256,257,258,260&#8243; carousel_lg=&#8221;1&#8243; carousel_md=&#8221;1&#8243; carousel_sm=&#8221;1&#8243; thumb_size=&#8221;one-one&#8221; gutter_size=&#8221;0&#8243; media_items=&#8221;media|nolink|original,category&#8221; carousel_interval=&#8221;3000&#8243; carousel_navspeed=&#8221;400&#8243; stage_padding=&#8221;0&#8243; single_overlay_color=&#8221;color-655034&#8243; single_overlay_blend=&#8221;lighten&#8221; single_overlay_opacity=&#8221;40&#8243; single_overlay_anim=&#8221;no&#8221; single_image_anim=&#8221;no&#8221; single_padding=&#8221;2&#8243; uncode_shortcode_id=&#8221;282012&#8243;][\/vc_column][\/vc_row][vc_row unlock_row_content=&#8221;yes&#8221; row_height_percent=&#8221;0&#8243; override_padding=&#8221;yes&#8221; h_padding=&#8221;0&#8243; top_padding=&#8221;0&#8243; bottom_padding=&#8221;0&#8243; back_color=&#8221;color-jevc&#8221; overlay_alpha=&#8221;50&#8243; gutter_size=&#8221;0&#8243; column_width_percent=&#8221;100&#8243; shift_y=&#8221;0&#8243; z_index=&#8221;0&#8243; mobile_visibility=&#8221;yes&#8221; content_parallax=&#8221;0&#8243; uncode_shortcode_id=&#8221;202388&#8243; back_color_type=&#8221;uncode-palette&#8221;][vc_column column_width_percent=&#8221;100&#8243; gutter_size=&#8221;3&#8243; overlay_alpha=&#8221;50&#8243; shift_x=&#8221;0&#8243; shift_y=&#8221;0&#8243; shift_y_down=&#8221;0&#8243; z_index=&#8221;0&#8243; medium_width=&#8221;0&#8243; mobile_visibility=&#8221;yes&#8221; mobile_width=&#8221;0&#8243; width=&#8221;1\/2&#8243; uncode_shortcode_id=&#8221;229142&#8243;][vc_single_image media=&#8221;108&#8243; media_width_percent=&#8221;100&#8243; media_ratio=&#8221;three-two&#8221; advanced_videos=&#8221;yes&#8221; uncode_shortcode_id=&#8221;259630&#8243;][\/vc_column][vc_column width=&#8221;1\/2&#8243;][vc_single_image media=&#8221;378&#8243; media_width_percent=&#8221;100&#8243; media_ratio=&#8221;three-two&#8221; uncode_shortcode_id=&#8221;654150&#8243;][\/vc_column][\/vc_row]<\/p>\n<\/div>","protected":false},"excerpt":{"rendered":"<p>[vc_row row_height_percent=&#8221;70&#8243; back_color=&#8221;color-wayh&#8221; back_image=&#8221;85&#8243; back_attachment=&#8221;scroll&#8221; back_position=&#8221;center top&#8221; overlay_color=&#8221;color-wayh&#8221; overlay_alpha=&#8221;50&#8243; gutter_size=&#8221;3&#8243; column_width_percent=&#8221;100&#8243; shift_y=&#8221;0&#8243; z_index=&#8221;0&#8243; content_parallax=&#8221;0&#8243; uncode_shortcode_id=&#8221;680486&#8243; back_color_type=&#8221;uncode-palette&#8221; overlay_color_type=&#8221;uncode-palette&#8221;][vc_column column_width_use_pixel=&#8221;yes&#8221; position_vertical=&#8221;middle&#8221; align_horizontal=&#8221;align_center&#8221; [&hellip;]<\/p>\n","protected":false},"author":1,"featured_media":0,"parent":0,"menu_order":0,"comment_status":"closed","ping_status":"closed","template":"","meta":{"footnotes":""},"class_list":["post-212","page","type-page","status-publish","hentry"],"_links":{"self":[{"href":"https:\/\/casavicent.pt\/site\/wp-json\/wp\/v2\/pages\/212","targetHints":{"allow":["GET"]}}],"collection":[{"href":"https:\/\/casavicent.pt\/site\/wp-json\/wp\/v2\/pages"}],"about":[{"href":"https:\/\/casavicent.pt\/site\/wp-json\/wp\/v2\/types\/page"}],"author":[{"embeddable":true,"href":"https:\/\/casavicent.pt\/site\/wp-json\/wp\/v2\/users\/1"}],"replies":[{"embeddable":true,"href":"https:\/\/casavicent.pt\/site\/wp-json\/wp\/v2\/comments?post=212"}],"version-history":[{"count":65,"href":"https:\/\/casavicent.pt\/site\/wp-json\/wp\/v2\/pages\/212\/revisions"}],"predecessor-version":[{"id":697,"href":"https:\/\/casavicent.pt\/site\/wp-json\/wp\/v2\/pages\/212\/revisions\/697"}],"wp:attachment":[{"href":"https:\/\/casavicent.pt\/site\/wp-json\/wp\/v2\/media?parent=212"}],"curies":[{"name":"wp","href":"https:\/\/api.w.org\/{rel}","templated":true}]}}