{"id":536,"date":"2026-02-10T15:50:10","date_gmt":"2026-02-10T15:50:10","guid":{"rendered":"https:\/\/casavicent.pt\/site\/?page_id=536"},"modified":"2026-02-11T22:15:46","modified_gmt":"2026-02-11T22:15:46","slug":"home","status":"publish","type":"page","link":"https:\/\/casavicent.pt\/site\/","title":{"rendered":"Home"},"content":{"rendered":"<div class=\"wpb-content-wrapper\"><p>[vc_row row_height_percent=&#8221;0&#8243; override_padding=&#8221;yes&#8221; h_padding=&#8221;2&#8243; top_padding=&#8221;4&#8243; bottom_padding=&#8221;4&#8243; back_color=&#8221;color-655034&#8243; overlay_alpha=&#8221;50&#8243; gutter_size=&#8221;3&#8243; column_width_percent=&#8221;100&#8243; shift_y=&#8221;0&#8243; z_index=&#8221;0&#8243; auto_height_device=&#8221;yes&#8221; content_parallax=&#8221;0&#8243; uncode_shortcode_id=&#8221;867139&#8243; back_color_type=&#8221;uncode-palette&#8221;][vc_column column_width_percent=&#8221;100&#8243; gutter_size=&#8221;5&#8243; overlay_alpha=&#8221;50&#8243; shift_x=&#8221;0&#8243; shift_y=&#8221;0&#8243; shift_y_down=&#8221;0&#8243; z_index=&#8221;0&#8243; medium_width=&#8221;0&#8243; mobile_width=&#8221;0&#8243; width=&#8221;1\/1&#8243; uncode_shortcode_id=&#8221;429762&#8243;][vc_custom_heading text_size=&#8221;h1&#8243; text_weight=&#8221;400&#8243; uncode_shortcode_id=&#8221;125046&#8243;]O ritmo perfeito para acompanhar momentos inesquec\u00edveis.[\/vc_custom_heading][uncode_index el_id=&#8221;index-204589&#8243; loop=&#8221;size:10|order_by:date|post_type:portfolio|taxonomy_count:10&#8243; screen_lg=&#8221;1000&#8243; screen_md=&#8221;600&#8243; screen_sm=&#8221;480&#8243; gutter_size=&#8221;3&#8243; portfolio_items=&#8221;media|featured|onpost|original,title|-,text|excerpt&#8221; single_overlay_opacity=&#8221;50&#8243; single_padding=&#8221;1&#8243; single_text_reduced=&#8221;yes&#8221; single_text_lead=&#8221;yes&#8221; uncode_shortcode_id=&#8221;711332&#8243;][\/vc_column][\/vc_row][vc_row row_height_percent=&#8221;0&#8243; overlay_alpha=&#8221;50&#8243; gutter_size=&#8221;3&#8243; column_width_percent=&#8221;100&#8243; shift_y=&#8221;0&#8243; z_index=&#8221;0&#8243; content_parallax=&#8221;0&#8243; uncode_shortcode_id=&#8221;189698&#8243; back_color_type=&#8221;uncode-solid&#8221; back_color_solid=&#8221;#d4af37&#8243;][vc_column width=&#8221;1\/1&#8243;][vc_row_inner][vc_column_inner column_width_percent=&#8221;100&#8243; align_horizontal=&#8221;align_center&#8221; gutter_size=&#8221;0&#8243; overlay_alpha=&#8221;50&#8243; shift_x=&#8221;0&#8243; shift_y=&#8221;0&#8243; shift_y_down=&#8221;0&#8243; z_index=&#8221;0&#8243; medium_width=&#8221;0&#8243; mobile_width=&#8221;0&#8243; width=&#8221;1\/1&#8243; uncode_shortcode_id=&#8221;754808&#8243;][vc_empty_space empty_h=&#8221;2&#8243;][vc_custom_heading text_color=&#8221;color-947575&#8243; text_font=&#8221;font-294927&#8243; text_size=&#8221;custom&#8221; text_weight=&#8221;900&#8243; text_transform=&#8221;uppercase&#8221; uncode_shortcode_id=&#8221;160595&#8243; text_color_type=&#8221;uncode-palette&#8221; heading_custom_size=&#8221;90&#8243;]Golden hour[\/vc_custom_heading][vc_custom_heading text_color=&#8221;color-947575&#8243; text_font=&#8221;font-179372&#8243; text_size=&#8221;custom&#8221; text_transform=&#8221;uppercase&#8221; uncode_shortcode_id=&#8221;135535&#8243; text_color_type=&#8221;uncode-palette&#8221; heading_custom_size=&#8221;30&#8243;]BEER\u00a0 *\u00a0 COcktail *\u00a0 16h-19h[\/vc_custom_heading][vc_empty_space empty_h=&#8221;2&#8243;][\/vc_column_inner][\/vc_row_inner][\/vc_column][\/vc_row][vc_row row_height_percent=&#8221;0&#8243; override_padding=&#8221;yes&#8221; h_padding=&#8221;0&#8243; top_padding=&#8221;0&#8243; bottom_padding=&#8221;0&#8243; back_color=&#8221;color-655034&#8243; overlay_alpha=&#8221;50&#8243; gutter_size=&#8221;6&#8243; column_width_percent=&#8221;100&#8243; shift_y=&#8221;0&#8243; z_index=&#8221;0&#8243; inverted_device_order=&#8221;yes&#8221; auto_height_device=&#8221;yes&#8221; content_parallax=&#8221;0&#8243; uncode_shortcode_id=&#8221;201742&#8243; back_color_type=&#8221;uncode-palette&#8221;][vc_column column_width_percent=&#8221;100&#8243; position_horizontal=&#8221;left&#8221; position_vertical=&#8221;middle&#8221; gutter_size=&#8221;3&#8243; override_padding=&#8221;yes&#8221; column_padding=&#8221;5&#8243; overlay_alpha=&#8221;50&#8243; shift_x=&#8221;0&#8243; shift_y=&#8221;0&#8243; shift_y_down=&#8221;0&#8243; z_index=&#8221;0&#8243; medium_width=&#8221;0&#8243; mobile_width=&#8221;0&#8243; width=&#8221;1\/2&#8243; uncode_shortcode_id=&#8221;725319&#8243;][vc_custom_heading text_size=&#8221;h1&#8243; uncode_shortcode_id=&#8221;190755&#8243;]Cocktails?<br \/>\nSomos especialistas.[\/vc_custom_heading][vc_column_text uncode_shortcode_id=&#8221;134554&#8243;]Alquimia em cada copo: cocktails e mocktails de autor com alma portuense.<br \/>\nVenha provar a nossa carta e descubra o seu preferido.[\/vc_column_text][\/vc_column][vc_column column_width_percent=&#8221;100&#8243; position_horizontal=&#8221;left&#8221; gutter_size=&#8221;3&#8243; style=&#8221;dark&#8221; overlay_alpha=&#8221;50&#8243; shift_x=&#8221;0&#8243; shift_y=&#8221;0&#8243; shift_y_down=&#8221;0&#8243; z_index=&#8221;0&#8243; medium_width=&#8221;0&#8243; mobile_width=&#8221;0&#8243; width=&#8221;1\/2&#8243; uncode_shortcode_id=&#8221;189019&#8243;][vc_gallery el_id=&#8221;gallery-383753&#8243; type=&#8221;carousel&#8221; medias=&#8221;558,71,79,559,560&#8243; carousel_lg=&#8221;1&#8243; carousel_md=&#8221;1&#8243; carousel_sm=&#8221;1&#8243; gutter_size=&#8221;3&#8243; media_items=&#8221;media|nolink|original&#8221; carousel_type=&#8221;fade&#8221; carousel_interval=&#8221;3000&#8243; carousel_navspeed=&#8221;400&#8243; carousel_loop=&#8221;yes&#8221; stage_padding=&#8221;0&#8243; single_overlay_opacity=&#8221;50&#8243; single_padding=&#8221;2&#8243; uncode_shortcode_id=&#8221;213615&#8243;][\/vc_column][\/vc_row][vc_row row_height_percent=&#8221;0&#8243; override_padding=&#8221;yes&#8221; h_padding=&#8221;0&#8243; top_padding=&#8221;0&#8243; bottom_padding=&#8221;0&#8243; back_color=&#8221;color-655034&#8243; overlay_alpha=&#8221;50&#8243; gutter_size=&#8221;6&#8243; column_width_percent=&#8221;100&#8243; shift_y=&#8221;0&#8243; z_index=&#8221;0&#8243; content_parallax=&#8221;0&#8243; uncode_shortcode_id=&#8221;157082&#8243; back_color_type=&#8221;uncode-palette&#8221;][vc_column column_width_percent=&#8221;100&#8243; gutter_size=&#8221;3&#8243; overlay_alpha=&#8221;50&#8243; shift_x=&#8221;0&#8243; shift_y=&#8221;0&#8243; shift_y_down=&#8221;0&#8243; z_index=&#8221;0&#8243; medium_width=&#8221;0&#8243; mobile_width=&#8221;0&#8243; width=&#8221;1\/2&#8243; uncode_shortcode_id=&#8221;171834&#8243;][vc_gallery el_id=&#8221;gallery-149528&#8243; type=&#8221;carousel&#8221; medias=&#8221;76,73,74,490&#8243; carousel_lg=&#8221;1&#8243; carousel_md=&#8221;1&#8243; carousel_sm=&#8221;1&#8243; gutter_size=&#8221;3&#8243; media_items=&#8221;media|nolink|original&#8221; carousel_type=&#8221;fade&#8221; carousel_interval=&#8221;3000&#8243; carousel_navspeed=&#8221;400&#8243; carousel_loop=&#8221;yes&#8221; stage_padding=&#8221;0&#8243; single_overlay_opacity=&#8221;50&#8243; single_padding=&#8221;2&#8243; uncode_shortcode_id=&#8221;103370&#8243;][\/vc_column][vc_column column_width_percent=&#8221;100&#8243; position_horizontal=&#8221;left&#8221; position_vertical=&#8221;middle&#8221; gutter_size=&#8221;3&#8243; override_padding=&#8221;yes&#8221; column_padding=&#8221;5&#8243; overlay_alpha=&#8221;50&#8243; shift_x=&#8221;0&#8243; shift_y=&#8221;0&#8243; shift_y_down=&#8221;0&#8243; z_index=&#8221;0&#8243; medium_width=&#8221;0&#8243; mobile_width=&#8221;0&#8243; width=&#8221;1\/2&#8243; uncode_shortcode_id=&#8221;114150&#8243;][vc_custom_heading text_size=&#8221;h1&#8243; uncode_shortcode_id=&#8221;165353&#8243;]Partilhamos mesa, sabores e tempo.[\/vc_custom_heading][vc_column_text uncode_shortcode_id=&#8221;386588&#8243;]Na Casa Vicent, os jantares n\u00e3o t\u00eam pressa: a cozinha fica aberta at\u00e9 \u00e0s 23:30, para que cada conversa dure o que tem de durar. Venha jantar connosco. A mesa est\u00e1 posta.[\/vc_column_text][vc_button outline=&#8221;yes&#8221; border_width=&#8221;0&#8243; link=&#8221;url:https%3A%2F%2Fcasavicent.pt%2Fsite%2Fmenu%2F|title:Menu&#8221; uncode_shortcode_id=&#8221;126384&#8243;]nosso menu[\/vc_button][\/vc_column][\/vc_row][vc_row unlock_row_content=&#8221;yes&#8221; row_height_percent=&#8221;16&#8243; override_padding=&#8221;yes&#8221; h_padding=&#8221;0&#8243; top_padding=&#8221;0&#8243; bottom_padding=&#8221;0&#8243; overlay_alpha=&#8221;50&#8243; equal_height=&#8221;yes&#8221; gutter_size=&#8221;0&#8243; column_width_percent=&#8221;100&#8243; shift_y=&#8221;0&#8243; z_index=&#8221;0&#8243; content_parallax=&#8221;0&#8243; uncode_shortcode_id=&#8221;537079&#8243;][vc_column column_width_percent=&#8221;100&#8243; gutter_size=&#8221;3&#8243; overlay_alpha=&#8221;50&#8243; shift_x=&#8221;0&#8243; shift_y=&#8221;0&#8243; shift_y_down=&#8221;0&#8243; z_index=&#8221;0&#8243; medium_width=&#8221;0&#8243; mobile_width=&#8221;0&#8243; width=&#8221;2\/3&#8243; uncode_shortcode_id=&#8221;206351&#8243;][vc_single_image media=&#8221;450&#8243; media_width_percent=&#8221;100&#8243; mobile_visibility=&#8221;yes&#8221; uncode_shortcode_id=&#8221;132883&#8243;][\/vc_column][vc_column width=&#8221;1\/3&#8243;][vc_single_image media=&#8221;122&#8243; media_width_percent=&#8221;100&#8243; media_ratio=&#8221;three-four&#8221; uncode_shortcode_id=&#8221;720590&#8243;][\/vc_column][\/vc_row][vc_row row_height_percent=&#8221;0&#8243; override_padding=&#8221;yes&#8221; h_padding=&#8221;2&#8243; top_padding=&#8221;4&#8243; bottom_padding=&#8221;4&#8243; back_color=&#8221;color-947575&#8243; overlay_alpha=&#8221;50&#8243; gutter_size=&#8221;3&#8243; column_width_percent=&#8221;100&#8243; shift_y=&#8221;0&#8243; z_index=&#8221;0&#8243; content_parallax=&#8221;0&#8243; uncode_shortcode_id=&#8221;259070&#8243; back_color_type=&#8221;uncode-palette&#8221;][vc_column width=&#8221;1\/1&#8243;][vc_custom_heading text_weight=&#8221;300&#8243; uncode_shortcode_id=&#8221;183778&#8243;]<strong>A Casa Vicent, no cora\u00e7\u00e3o da baixa do Porto, convida-o a descobrir um espa\u00e7o Arte Nova onde tradi\u00e7\u00e3o e modernidade se encontram \u00e0 mesa.<\/strong>[\/vc_custom_heading][vc_custom_heading text_size=&#8221;h3&#8243; text_weight=&#8221;300&#8243; uncode_shortcode_id=&#8221;199902&#8243;]Entre cervejas artesanais, cocktails especiais e tapas perfeitas para partilhar, cada visita \u00e9 um saboroso momento de conv\u00edvio. Relaxe, brinde e aproveite o melhor do Porto. Entre, sente-se e deixe-se saborear.[\/vc_custom_heading][vc_button outline=&#8221;yes&#8221; border_width=&#8221;0&#8243; link=&#8221;url:https%3A%2F%2Fcasavicent.pt%2Fsite%2Fa-casa%2F|title:Menu&#8221; uncode_shortcode_id=&#8221;162432&#8243;]nossa hist\u00f3ria[\/vc_button][\/vc_column][\/vc_row]<\/p>\n<\/div>","protected":false},"excerpt":{"rendered":"<p>[vc_row row_height_percent=&#8221;0&#8243; override_padding=&#8221;yes&#8221; h_padding=&#8221;2&#8243; top_padding=&#8221;4&#8243; bottom_padding=&#8221;4&#8243; back_color=&#8221;color-655034&#8243; overlay_alpha=&#8221;50&#8243; gutter_size=&#8221;3&#8243; column_width_percent=&#8221;100&#8243; shift_y=&#8221;0&#8243; z_index=&#8221;0&#8243; auto_height_device=&#8221;yes&#8221; content_parallax=&#8221;0&#8243; uncode_shortcode_id=&#8221;867139&#8243; back_color_type=&#8221;uncode-palette&#8221;][vc_column column_width_percent=&#8221;100&#8243; gutter_size=&#8221;5&#8243; overlay_alpha=&#8221;50&#8243; shift_x=&#8221;0&#8243; [&hellip;]<\/p>\n","protected":false},"author":1,"featured_media":0,"parent":0,"menu_order":0,"comment_status":"closed","ping_status":"closed","template":"","meta":{"footnotes":""},"class_list":["post-536","page","type-page","status-publish","hentry"],"_links":{"self":[{"href":"https:\/\/casavicent.pt\/site\/wp-json\/wp\/v2\/pages\/536","targetHints":{"allow":["GET"]}}],"collection":[{"href":"https:\/\/casavicent.pt\/site\/wp-json\/wp\/v2\/pages"}],"about":[{"href":"https:\/\/casavicent.pt\/site\/wp-json\/wp\/v2\/types\/page"}],"author":[{"embeddable":true,"href":"https:\/\/casavicent.pt\/site\/wp-json\/wp\/v2\/users\/1"}],"replies":[{"embeddable":true,"href":"https:\/\/casavicent.pt\/site\/wp-json\/wp\/v2\/comments?post=536"}],"version-history":[{"count":52,"href":"https:\/\/casavicent.pt\/site\/wp-json\/wp\/v2\/pages\/536\/revisions"}],"predecessor-version":[{"id":625,"href":"https:\/\/casavicent.pt\/site\/wp-json\/wp\/v2\/pages\/536\/revisions\/625"}],"wp:attachment":[{"href":"https:\/\/casavicent.pt\/site\/wp-json\/wp\/v2\/media?parent=536"}],"curies":[{"name":"wp","href":"https:\/\/api.w.org\/{rel}","templated":true}]}}